{"id":22,"date":"2024-06-01T11:36:11","date_gmt":"2024-06-01T11:36:11","guid":{"rendered":"https:\/\/liko.foxthemes.me\/?page_id=22"},"modified":"2026-04-02T14:18:17","modified_gmt":"2026-04-02T14:18:17","slug":"home-3","status":"publish","type":"page","link":"https:\/\/lineahead.pl\/","title":{"rendered":"Line Ahead"},"content":{"rendered":"\t\t<div data-elementor-type=\"wp-page\" data-elementor-id=\"22\" class=\"elementor elementor-22\">\n\t\t\t\t<div class=\"elementor-element elementor-element-bc59f52 e-flex e-con-boxed e-con e-parent\" data-id=\"bc59f52\" data-element_type=\"container\">\n\t\t\t\t\t<div class=\"e-con-inner\">\n\t\t\t\t<div class=\"elementor-element elementor-element-e1a621f elementor-widget__width-initial elementor-widget-mobile__width-initial elementor-widget elementor-widget-image\" data-id=\"e1a621f\" data-element_type=\"widget\" data-widget_type=\"image.default\">\n\t\t\t\t\t\t\t\t\t\t\t\t\t\t\t<img fetchpriority=\"high\" decoding=\"async\" width=\"2560\" height=\"2560\" src=\"https:\/\/lineahead.pl\/wp-content\/uploads\/2026\/03\/cropped-02-white-black-scaled-1.png\" class=\"attachment-full size-full wp-image-16128\" alt=\"\" \/>\t\t\t\t\t\t\t\t\t\t\t\t\t\t\t<\/div>\n\t\t\t\t\t<\/div>\n\t\t\t\t<\/div>\n\t\t<div class=\"elementor-element elementor-element-cdf3b6e e-con-full e-flex e-con e-parent\" data-id=\"cdf3b6e\" data-element_type=\"container\" data-settings=\"{&quot;background_background&quot;:&quot;classic&quot;}\">\n\t\t<div class=\"elementor-element elementor-element-f1753bb e-con-full e-flex e-con e-child\" data-id=\"f1753bb\" data-element_type=\"container\">\n\t\t\t\t<div class=\"elementor-element elementor-element-56c4fa7 elementor-widget__width-initial elementor-widget elementor-widget-heading\" data-id=\"56c4fa7\" data-element_type=\"widget\" data-widget_type=\"heading.default\">\n\t\t\t\t\t<h2 class=\"elementor-heading-title elementor-size-default\"><a href=\"https:\/\/lineahead.pl\/index.php\/contact-dark\/\">Skontaktuj si\u0119 z nami<\/a><\/h2>\t\t\t\t<\/div>\n\t\t\t\t<div class=\"elementor-element elementor-element-95e2a26 elementor-widget__width-initial elementor-widget elementor-widget-tp-heading\" data-id=\"95e2a26\" data-element_type=\"widget\" data-settings=\"{&quot;tp_anima_type&quot;:&quot;tp_fade_bottom&quot;,&quot;_animation&quot;:&quot;none&quot;}\" data-widget_type=\"tp-heading.default\">\n\t\t\t\t<div class=\"elementor-widget-container\">\n\t\t\t\t\t\n\n\n<div class=\"tp-hero-4-content black-bg-2 tp-el-section\">\n\t<h2 class=\"tp-section-title-200 tp-el-title tp_fade_bottom\">Kampanie online\/\/<br>Ecommerce\/\/<br>\nLeady\/\/<br>Google Ads\/\/<br>Meta\/\/<\/h2>    <div class=\"tp-hero-4-text tp_fade_right\">\n\t\t\t\t    <\/div>\n<\/div>\n\n\t\t\t\t<\/div>\n\t\t\t\t<\/div>\n\t\t\t\t<\/div>\n\t\t\t\t<\/div>\n\t\t<div class=\"elementor-element elementor-element-ca13a16 e-flex e-con-boxed e-con e-parent\" data-id=\"ca13a16\" data-element_type=\"container\" data-settings=\"{&quot;background_background&quot;:&quot;classic&quot;}\">\n\t\t\t\t\t<div class=\"e-con-inner\">\n\t\t<div class=\"elementor-element elementor-element-0ce88f7 e-con-full e-flex e-con e-child\" data-id=\"0ce88f7\" data-element_type=\"container\">\n\t\t\t\t<div class=\"elementor-element elementor-element-b3ab3f7 elementor-widget elementor-widget-tp-heading\" data-id=\"b3ab3f7\" data-element_type=\"widget\" data-settings=\"{&quot;tp_anima_type&quot;:&quot;tp_fade_bottom&quot;}\" data-widget_type=\"tp-heading.default\">\n\t\t\t\t<div class=\"elementor-widget-container\">\n\t\t\t\t\t\n\n<div class=\"tp-service-2-title-box align-box\">\n\n        <h2 class=\"tp-section-title-40 tp-el-title tp_fade_bottom\">Co robimy?<\/h2>\n    <\/div>\n\n\n\t\t\t\t<\/div>\n\t\t\t\t<\/div>\n\t\t\t\t<div class=\"elementor-element elementor-element-72ca212 elementor-widget__width-initial elementor-widget elementor-widget-tp-heading\" data-id=\"72ca212\" data-element_type=\"widget\" data-settings=\"{&quot;tp_anima_type&quot;:&quot;tp_fade_bottom&quot;}\" data-widget_type=\"tp-heading.default\">\n\t\t\t\t<div class=\"elementor-widget-container\">\n\t\t\t\t\t\n\n<div class=\"tp-service-2-title-box align-box\">\n\n        <h2 class=\"tp-section-title-40 tp-el-title tp_fade_bottom\">Projektujemy strategi\u0119, wdra\u017camy kampanie i dbamy o ich rozw\u00f3j oraz optymalizacj\u0119\n\nWdra\u017camy analityk\u0119 i wykorzystujemy dane w naszych dzia\u0142aniah.<\/h2>\n    <\/div>\n\n\n\t\t\t\t<\/div>\n\t\t\t\t<\/div>\n\t\t\t\t<\/div>\n\t\t\t\t\t<\/div>\n\t\t\t\t<\/div>\n\t\t<div class=\"elementor-element elementor-element-b52d067 e-con-full e-flex e-con e-parent\" data-id=\"b52d067\" data-element_type=\"container\" data-settings=\"{&quot;background_background&quot;:&quot;classic&quot;}\">\n\t\t<div class=\"elementor-element elementor-element-55dcbae e-con-full e-flex e-con e-child\" data-id=\"55dcbae\" data-element_type=\"container\">\n\t\t\t\t<div class=\"elementor-element elementor-element-9d07c6f elementor-widget__width-initial elementor-widget-tablet__width-initial elementor-widget elementor-widget-tp-heading\" data-id=\"9d07c6f\" data-element_type=\"widget\" data-settings=\"{&quot;tp_anima_type&quot;:&quot;tp_fade_bottom&quot;}\" data-widget_type=\"tp-heading.default\">\n\t\t\t\t<div class=\"elementor-widget-container\">\n\t\t\t\t\t\n\n<div class=\"tp-service-2-title-box align-box\">\n\n        <h2 class=\"tp-section-title-40 tp-el-title tp_fade_bottom\">Oferta<\/h2>\n    <\/div>\n\n\n\t\t\t\t<\/div>\n\t\t\t\t<\/div>\n\t\t\t\t<div class=\"elementor-element elementor-element-07c0179 elementor-widget__width-initial elementor-widget elementor-widget-tp-heading\" data-id=\"07c0179\" data-element_type=\"widget\" data-settings=\"{&quot;tp_anima_type&quot;:&quot;tp_fade_bottom&quot;}\" data-widget_type=\"tp-heading.default\">\n\t\t\t\t<div class=\"elementor-widget-container\">\n\t\t\t\t\t\n\n<div class=\"tp-service-2-title-box align-box\">\n\n        <h2 class=\"tp-section-title-40 tp-el-title tp_fade_bottom\">Google Ads <br>\nObs\u0142ugujemy wszystkie typy kampanii,<br> od Search po Performance Max. Maksymalizujemy ROI przy kontrolowanych kosztach CPC.<br>\n<br><br>\nMeta Ads <br>\nPrecyzyjne kampanie, kt\u00f3re docieraj\u0105 do Twojej grupy odbiorc\u00f3w i konwertuj\u0105 - nie tylko generuj\u0105 zasi\u0119g.\n\n<\/h2>\n    <\/div>\n\n\n\t\t\t\t<\/div>\n\t\t\t\t<\/div>\n\t\t\t\t<\/div>\n\t\t\t\t<\/div>\n\t\t<div class=\"elementor-element elementor-element-042119c e-flex e-con-boxed e-con e-parent\" data-id=\"042119c\" data-element_type=\"container\" data-settings=\"{&quot;background_background&quot;:&quot;classic&quot;}\">\n\t\t\t\t\t<div class=\"e-con-inner\">\n\t\t<div class=\"elementor-element elementor-element-8fefb6f e-con-full e-flex e-con e-child\" data-id=\"8fefb6f\" data-element_type=\"container\">\n\t\t\t\t<div class=\"elementor-element elementor-element-e6f4bad elementor-widget elementor-widget-tp-heading\" data-id=\"e6f4bad\" data-element_type=\"widget\" data-settings=\"{&quot;tp_anima_type&quot;:&quot;tp_fade_bottom&quot;}\" data-widget_type=\"tp-heading.default\">\n\t\t\t\t<div class=\"elementor-widget-container\">\n\t\t\t\t\t\n\n<div class=\"tp-service-2-title-box align-box\">\n\n        <h2 class=\"tp-section-title-40 tp-el-title tp_fade_bottom\">Audyt<\/h2>\n    <\/div>\n\n\n\t\t\t\t<\/div>\n\t\t\t\t<\/div>\n\t\t\t\t<div class=\"elementor-element elementor-element-04a5cad elementor-widget elementor-widget-tp-heading\" data-id=\"04a5cad\" data-element_type=\"widget\" data-settings=\"{&quot;tp_anima_type&quot;:&quot;tp_fade_bottom&quot;}\" data-widget_type=\"tp-heading.default\">\n\t\t\t\t<div class=\"elementor-widget-container\">\n\t\t\t\t\t\n\n<div class=\"tp-service-2-title-box align-box\">\n\n        <h2 class=\"tp-section-title-40 tp-el-title tp_fade_bottom\">Bezp\u0142atna analiza Twoich kampanii\n<br><br>\nSprawdzimy Twoje obecne kampanie Google Ads i Meta, \nzidentyfikujemy b\u0142\u0119dy i poka\u017cemy jak zwi\u0119kszy\u0107 ROI \nbez dodatkowych koszt\u00f3w reklamowych.\n<br><br>\nCo dostajesz:<br>\n- Analiza struktury kont i kampanii<br>\n- Ocena jako\u015bci reklam<br>\n- Optymalizacja bud\u017cetu i stawek<br>- Ocena analityki <br>\n- Konkretne rekomendacje do wdro\u017cenia\n\n<\/h2>\n    <\/div>\n\n\n\t\t\t\t<\/div>\n\t\t\t\t<\/div>\n\t\t\t\t<div class=\"elementor-element elementor-element-246ca62 elementor-widget__width-initial elementor-widget elementor-widget-heading\" data-id=\"246ca62\" data-element_type=\"widget\" data-widget_type=\"heading.default\">\n\t\t\t\t\t<h2 class=\"elementor-heading-title elementor-size-default\"><a href=\"https:\/\/lineahead.pl\/index.php\/contact-dark\/\">Zam\u00f3w bezp\u0142atny audyt\n<\/a><\/h2>\t\t\t\t<\/div>\n\t\t\t\t<\/div>\n\t\t\t\t\t<\/div>\n\t\t\t\t<\/div>\n\t\t<div class=\"elementor-element elementor-element-00ea237 e-flex e-con-boxed e-con e-parent\" data-id=\"00ea237\" data-element_type=\"container\">\n\t\t\t\t\t<div class=\"e-con-inner\">\n\t\t<div class=\"elementor-element elementor-element-a199cc0 e-con-full e-flex e-con e-child\" data-id=\"a199cc0\" data-element_type=\"container\">\n\t\t<div class=\"elementor-element elementor-element-fe74762 e-con-full e-flex e-con e-child\" data-id=\"fe74762\" data-element_type=\"container\">\n\t\t\t\t<div class=\"elementor-element elementor-element-0000f3a elementor-widget elementor-widget-tp-heading\" data-id=\"0000f3a\" data-element_type=\"widget\" data-settings=\"{&quot;tp_anima_type&quot;:&quot;tp_fade_bottom&quot;}\" data-widget_type=\"tp-heading.default\">\n\t\t\t\t<div class=\"elementor-widget-container\">\n\t\t\t\t\t\n\n<div class=\"tp-service-2-title-box align-box\">\n\n        <span class=\"tp-section-subtitle-3 tp-el-subtitle\">\n        <span>\n            <svg width=\"12\" height=\"12\" viewBox=\"0 0 12 12\" fill=\"none\" xmlns=\"http:\/\/www.w3.org\/2000\/svg\">\n                <path fill-rule=\"evenodd\" clip-rule=\"evenodd\"\n                    d=\"M12 0C12 3.0432 9.53292 5.5102 6.48975 5.5102C6.48975 2.46701 8.95677 0 12 0Z\"\n                    fill=\"currentcolor\" \/>\n                <path fill-rule=\"evenodd\" clip-rule=\"evenodd\"\n                    d=\"M0.0231934 0.0231209C3.06639 0.0231209 5.5334 2.49015 5.5334 5.53333C2.4902 5.53333 0.0231934 3.0663 0.0231934 0.0231209Z\"\n                    fill=\"currentcolor\" \/>\n                <path fill-rule=\"evenodd\" clip-rule=\"evenodd\"\n                    d=\"M6.48975 6.4898C9.53294 6.4898 12 8.95682 12 12C8.95675 12 6.48975 9.53297 6.48975 6.4898Z\"\n                    fill=\"currentcolor\" \/>\n                <path fill-rule=\"evenodd\" clip-rule=\"evenodd\"\n                    d=\"M5.5102 6.48981C5.5102 9.533 3.04318 12 0 12C0 8.95681 2.46703 6.48981 5.5102 6.48981Z\"\n                    fill=\"currentcolor\" \/>\n            <\/svg>\n        <\/span>\n        Our Clients    <\/span>\n        <h2 class=\"tp-section-title-40 tp-el-title tp_fade_bottom\">...........<\/h2>\n    <\/div>\n\n\n\t\t\t\t<\/div>\n\t\t\t\t<\/div>\n\t\t\t\t<\/div>\n\t\t\t\t<\/div>\n\t\t<div class=\"elementor-element elementor-element-4796c2b e-con-full e-flex e-con e-child\" data-id=\"4796c2b\" data-element_type=\"container\">\n\t\t\t\t<div class=\"elementor-element elementor-element-10220c4 elementor-widget elementor-widget-tp-brand-grid\" data-id=\"10220c4\" data-element_type=\"widget\" data-widget_type=\"tp-brand-grid.default\">\n\t\t\t\t<div class=\"elementor-widget-container\">\n\t\t\t\t\t\n    <div class=\"tp-shop-brand-wrapper\">\n        <div class=\"swiper-container tp-shop-brand-active fix\">\n            <div class=\"swiper-wrapper\">\n                                <div class=\"swiper-slide\">\n                    <div class=\"tp-shop-brand-item tp-grid-box\">\n                        <img decoding=\"async\" src=\"https:\/\/lineahead.pl\/wp-content\/uploads\/2024\/06\/brand-1-2.png\" alt=\"\">\n                    <\/div>\n                <\/div>\n                                <div class=\"swiper-slide\">\n                    <div class=\"tp-shop-brand-item tp-grid-box\">\n                        <img decoding=\"async\" src=\"https:\/\/lineahead.pl\/wp-content\/uploads\/2024\/06\/brand-2-2.png\" alt=\"\">\n                    <\/div>\n                <\/div>\n                                <div class=\"swiper-slide\">\n                    <div class=\"tp-shop-brand-item tp-grid-box\">\n                        <img decoding=\"async\" src=\"https:\/\/lineahead.pl\/wp-content\/uploads\/2024\/06\/brand-3-2.png\" alt=\"\">\n                    <\/div>\n                <\/div>\n                                <div class=\"swiper-slide\">\n                    <div class=\"tp-shop-brand-item tp-grid-box\">\n                        <img decoding=\"async\" src=\"https:\/\/lineahead.pl\/wp-content\/uploads\/2024\/06\/brand-4-2.png\" alt=\"\">\n                    <\/div>\n                <\/div>\n                            <\/div>\n        <\/div>\n    <\/div>\n\n\t\t\t\t<\/div>\n\t\t\t\t<\/div>\n\t\t\t\t<\/div>\n\t\t\t\t\t<\/div>\n\t\t\t\t<\/div>\n\t\t<div class=\"elementor-element elementor-element-662d4d7 e-flex e-con-boxed e-con e-parent\" data-id=\"662d4d7\" data-element_type=\"container\">\n\t\t\t\t\t<div class=\"e-con-inner\">\n\t\t\t\t<div class=\"elementor-element elementor-element-c0b508c elementor-widget__width-initial elementor-widget elementor-widget-tp-conatct-form\" data-id=\"c0b508c\" data-element_type=\"widget\" data-widget_type=\"tp-conatct-form.default\">\n\t\t\t\t<div class=\"elementor-widget-container\">\n\t\t\t\t\t\n<div class=\"cn-contactform-wrap tp-el-c-form\">\n    <h2 class=\"cn-contactform-2-title tp-el-title\">Wy\u015blij wiadomo\u015b\u0107<\/h2>             \n<div class=\"wpcf7 no-js\" id=\"wpcf7-f18-o1\" lang=\"pl-PL\" dir=\"ltr\" data-wpcf7-id=\"18\">\n<div class=\"screen-reader-response\"><p role=\"status\" aria-live=\"polite\" aria-atomic=\"true\"><\/p> <ul><\/ul><\/div>\n<form action=\"\/index.php\/wp-json\/wp\/v2\/pages\/22#wpcf7-f18-o1\" method=\"post\" class=\"wpcf7-form init\" aria-label=\"Formularz kontaktowy\" novalidate=\"novalidate\" data-status=\"init\">\n<fieldset class=\"hidden-fields-container\"><input type=\"hidden\" name=\"_wpcf7\" value=\"18\" \/><input type=\"hidden\" name=\"_wpcf7_version\" value=\"6.1.1\" \/><input type=\"hidden\" name=\"_wpcf7_locale\" value=\"pl_PL\" \/><input type=\"hidden\" name=\"_wpcf7_unit_tag\" value=\"wpcf7-f18-o1\" \/><input type=\"hidden\" name=\"_wpcf7_container_post\" value=\"0\" \/><input type=\"hidden\" name=\"_wpcf7_posted_data_hash\" value=\"\" \/>\n<\/fieldset>\n<label> Imi\u0119\n    <span class=\"wpcf7-form-control-wrap\" data-name=\"your-name\"><input size=\"40\" maxlength=\"400\" class=\"wpcf7-form-control wpcf7-text wpcf7-validates-as-required\" autocomplete=\"name\" aria-required=\"true\" aria-invalid=\"false\" value=\"\" type=\"text\" name=\"your-name\" \/><\/span> <\/label>\n\n<label> Adres e-mail\n    <span class=\"wpcf7-form-control-wrap\" data-name=\"your-email\"><input size=\"40\" maxlength=\"400\" class=\"wpcf7-form-control wpcf7-email wpcf7-validates-as-required wpcf7-text wpcf7-validates-as-email\" autocomplete=\"email\" aria-required=\"true\" aria-invalid=\"false\" value=\"\" type=\"email\" name=\"your-email\" \/><\/span> <\/label>\n\n<label> Temat\n    <span class=\"wpcf7-form-control-wrap\" data-name=\"your-subject\"><input size=\"40\" maxlength=\"400\" class=\"wpcf7-form-control wpcf7-text wpcf7-validates-as-required\" aria-required=\"true\" aria-invalid=\"false\" value=\"\" type=\"text\" name=\"your-subject\" \/><\/span> <\/label>\n\n<label> Wiadomo\u015b\u0107 \n    <span class=\"wpcf7-form-control-wrap\" data-name=\"your-message\"><textarea cols=\"40\" rows=\"10\" maxlength=\"2000\" class=\"wpcf7-form-control wpcf7-textarea\" aria-invalid=\"false\" name=\"your-message\"><\/textarea><\/span> <\/label>\n\n<input class=\"wpcf7-form-control wpcf7-submit has-spinner\" type=\"submit\" value=\"Wy\u015blij\" \/><div class=\"wpcf7-response-output\" aria-hidden=\"true\"><\/div>\n<\/form>\n<\/div>\n    <\/div>\n\t\t\t\t<\/div>\n\t\t\t\t<\/div>\n\t\t\t\t\t<\/div>\n\t\t\t\t<\/div>\n\t\t\t\t<\/div>\n\t\t","protected":false},"excerpt":{"rendered":"<p>Skontaktuj si\u0119 z nami Kampanie online\/\/Ecommerce\/\/ Leady\/\/Google Ads\/\/Meta\/\/ Co robimy? Projektujemy strategi\u0119, wdra\u017camy kampanie i dbamy o ich rozw\u00f3j oraz optymalizacj\u0119 Wdra\u017camy analityk\u0119 i wykorzystujemy dane w naszych dzia\u0142aniah. Oferta Google Ads Obs\u0142ugujemy wszystkie typy kampanii, od Search po Performance Max. Maksymalizujemy ROI przy kontrolowanych kosztach CPC. Meta Ads Precyzyjne kampanie, kt\u00f3re docieraj\u0105 do Twojej [&hellip;]<\/p>\n","protected":false},"author":1,"featured_media":0,"parent":0,"menu_order":0,"comment_status":"closed","ping_status":"closed","template":"elementor_header_footer","meta":{"footnotes":""},"class_list":["post-22","page","type-page","status-publish","hentry"],"yoast_head":"<!-- This site is optimized with the Yoast SEO plugin v25.8 - https:\/\/yoast.com\/wordpress\/plugins\/seo\/ -->\n<title>Line Ahead - Line Ahead<\/title>\n<meta name=\"robots\" content=\"index, follow, max-snippet:-1, max-image-preview:large, max-video-preview:-1\" \/>\n<link rel=\"canonical\" href=\"https:\/\/lineahead.pl\/\" \/>\n<meta property=\"og:locale\" content=\"pl_PL\" \/>\n<meta property=\"og:type\" content=\"article\" \/>\n<meta property=\"og:title\" content=\"Line Ahead - Line Ahead\" \/>\n<meta property=\"og:description\" content=\"Skontaktuj si\u0119 z nami Kampanie online\/\/Ecommerce\/\/ Leady\/\/Google Ads\/\/Meta\/\/ Co robimy? Projektujemy strategi\u0119, wdra\u017camy kampanie i dbamy o ich rozw\u00f3j oraz optymalizacj\u0119 Wdra\u017camy analityk\u0119 i wykorzystujemy dane w naszych dzia\u0142aniah. Oferta Google Ads Obs\u0142ugujemy wszystkie typy kampanii, od Search po Performance Max. Maksymalizujemy ROI przy kontrolowanych kosztach CPC. Meta Ads Precyzyjne kampanie, kt\u00f3re docieraj\u0105 do Twojej [&hellip;]\" \/>\n<meta property=\"og:url\" content=\"https:\/\/lineahead.pl\/\" \/>\n<meta property=\"og:site_name\" content=\"Line Ahead\" \/>\n<meta property=\"article:modified_time\" content=\"2026-04-02T14:18:17+00:00\" \/>\n<meta property=\"og:image\" content=\"https:\/\/lineahead.pl\/wp-content\/uploads\/2026\/03\/cropped-02-white-black-scaled-1.png\" \/>\n\t<meta property=\"og:image:width\" content=\"2560\" \/>\n\t<meta property=\"og:image:height\" content=\"2560\" \/>\n\t<meta property=\"og:image:type\" content=\"image\/png\" \/>\n<meta name=\"twitter:card\" content=\"summary_large_image\" \/>\n<meta name=\"twitter:label1\" content=\"Szacowany czas czytania\" \/>\n\t<meta name=\"twitter:data1\" content=\"4 minuty\" \/>\n<script type=\"application\/ld+json\" class=\"yoast-schema-graph\">{\"@context\":\"https:\/\/schema.org\",\"@graph\":[{\"@type\":\"WebPage\",\"@id\":\"https:\/\/lineahead.pl\/\",\"url\":\"https:\/\/lineahead.pl\/\",\"name\":\"Line Ahead - Line Ahead\",\"isPartOf\":{\"@id\":\"https:\/\/lineahead.pl\/#website\"},\"primaryImageOfPage\":{\"@id\":\"https:\/\/lineahead.pl\/#primaryimage\"},\"image\":{\"@id\":\"https:\/\/lineahead.pl\/#primaryimage\"},\"thumbnailUrl\":\"https:\/\/lineahead.pl\/wp-content\/uploads\/2026\/03\/cropped-02-white-black-scaled-1.png\",\"datePublished\":\"2024-06-01T11:36:11+00:00\",\"dateModified\":\"2026-04-02T14:18:17+00:00\",\"breadcrumb\":{\"@id\":\"https:\/\/lineahead.pl\/#breadcrumb\"},\"inLanguage\":\"pl-PL\",\"potentialAction\":[{\"@type\":\"ReadAction\",\"target\":[\"https:\/\/lineahead.pl\/\"]}]},{\"@type\":\"ImageObject\",\"inLanguage\":\"pl-PL\",\"@id\":\"https:\/\/lineahead.pl\/#primaryimage\",\"url\":\"https:\/\/lineahead.pl\/wp-content\/uploads\/2026\/03\/cropped-02-white-black-scaled-1.png\",\"contentUrl\":\"https:\/\/lineahead.pl\/wp-content\/uploads\/2026\/03\/cropped-02-white-black-scaled-1.png\",\"width\":2560,\"height\":2560},{\"@type\":\"BreadcrumbList\",\"@id\":\"https:\/\/lineahead.pl\/#breadcrumb\",\"itemListElement\":[{\"@type\":\"ListItem\",\"position\":1,\"name\":\"Strona g\u0142\u00f3wna\",\"item\":\"https:\/\/lineahead.pl\/\"},{\"@type\":\"ListItem\",\"position\":2,\"name\":\"Line Ahead\"}]},{\"@type\":\"WebSite\",\"@id\":\"https:\/\/lineahead.pl\/#website\",\"url\":\"https:\/\/lineahead.pl\/\",\"name\":\"Line Ahead\",\"description\":\"\",\"publisher\":{\"@id\":\"https:\/\/lineahead.pl\/#organization\"},\"potentialAction\":[{\"@type\":\"SearchAction\",\"target\":{\"@type\":\"EntryPoint\",\"urlTemplate\":\"https:\/\/lineahead.pl\/?s={search_term_string}\"},\"query-input\":{\"@type\":\"PropertyValueSpecification\",\"valueRequired\":true,\"valueName\":\"search_term_string\"}}],\"inLanguage\":\"pl-PL\"},{\"@type\":\"Organization\",\"@id\":\"https:\/\/lineahead.pl\/#organization\",\"name\":\"Line Ahead\",\"url\":\"https:\/\/lineahead.pl\/\",\"logo\":{\"@type\":\"ImageObject\",\"inLanguage\":\"pl-PL\",\"@id\":\"https:\/\/lineahead.pl\/#\/schema\/logo\/image\/\",\"url\":\"https:\/\/lineahead.pl\/wp-content\/uploads\/2026\/03\/cropped-cropped-cropped-02-white-black-scaled-1.png\",\"contentUrl\":\"https:\/\/lineahead.pl\/wp-content\/uploads\/2026\/03\/cropped-cropped-cropped-02-white-black-scaled-1.png\",\"width\":2560,\"height\":2560,\"caption\":\"Line Ahead\"},\"image\":{\"@id\":\"https:\/\/lineahead.pl\/#\/schema\/logo\/image\/\"}}]}<\/script>\n<!-- \/ Yoast SEO plugin. -->","yoast_head_json":{"title":"Line Ahead - Line Ahead","robots":{"index":"index","follow":"follow","max-snippet":"max-snippet:-1","max-image-preview":"max-image-preview:large","max-video-preview":"max-video-preview:-1"},"canonical":"https:\/\/lineahead.pl\/","og_locale":"pl_PL","og_type":"article","og_title":"Line Ahead - Line Ahead","og_description":"Skontaktuj si\u0119 z nami Kampanie online\/\/Ecommerce\/\/ Leady\/\/Google Ads\/\/Meta\/\/ Co robimy? Projektujemy strategi\u0119, wdra\u017camy kampanie i dbamy o ich rozw\u00f3j oraz optymalizacj\u0119 Wdra\u017camy analityk\u0119 i wykorzystujemy dane w naszych dzia\u0142aniah. Oferta Google Ads Obs\u0142ugujemy wszystkie typy kampanii, od Search po Performance Max. Maksymalizujemy ROI przy kontrolowanych kosztach CPC. Meta Ads Precyzyjne kampanie, kt\u00f3re docieraj\u0105 do Twojej [&hellip;]","og_url":"https:\/\/lineahead.pl\/","og_site_name":"Line Ahead","article_modified_time":"2026-04-02T14:18:17+00:00","og_image":[{"width":2560,"height":2560,"url":"https:\/\/lineahead.pl\/wp-content\/uploads\/2026\/03\/cropped-02-white-black-scaled-1.png","type":"image\/png"}],"twitter_card":"summary_large_image","twitter_misc":{"Szacowany czas czytania":"4 minuty"},"schema":{"@context":"https:\/\/schema.org","@graph":[{"@type":"WebPage","@id":"https:\/\/lineahead.pl\/","url":"https:\/\/lineahead.pl\/","name":"Line Ahead - Line Ahead","isPartOf":{"@id":"https:\/\/lineahead.pl\/#website"},"primaryImageOfPage":{"@id":"https:\/\/lineahead.pl\/#primaryimage"},"image":{"@id":"https:\/\/lineahead.pl\/#primaryimage"},"thumbnailUrl":"https:\/\/lineahead.pl\/wp-content\/uploads\/2026\/03\/cropped-02-white-black-scaled-1.png","datePublished":"2024-06-01T11:36:11+00:00","dateModified":"2026-04-02T14:18:17+00:00","breadcrumb":{"@id":"https:\/\/lineahead.pl\/#breadcrumb"},"inLanguage":"pl-PL","potentialAction":[{"@type":"ReadAction","target":["https:\/\/lineahead.pl\/"]}]},{"@type":"ImageObject","inLanguage":"pl-PL","@id":"https:\/\/lineahead.pl\/#primaryimage","url":"https:\/\/lineahead.pl\/wp-content\/uploads\/2026\/03\/cropped-02-white-black-scaled-1.png","contentUrl":"https:\/\/lineahead.pl\/wp-content\/uploads\/2026\/03\/cropped-02-white-black-scaled-1.png","width":2560,"height":2560},{"@type":"BreadcrumbList","@id":"https:\/\/lineahead.pl\/#breadcrumb","itemListElement":[{"@type":"ListItem","position":1,"name":"Strona g\u0142\u00f3wna","item":"https:\/\/lineahead.pl\/"},{"@type":"ListItem","position":2,"name":"Line Ahead"}]},{"@type":"WebSite","@id":"https:\/\/lineahead.pl\/#website","url":"https:\/\/lineahead.pl\/","name":"Line Ahead","description":"","publisher":{"@id":"https:\/\/lineahead.pl\/#organization"},"potentialAction":[{"@type":"SearchAction","target":{"@type":"EntryPoint","urlTemplate":"https:\/\/lineahead.pl\/?s={search_term_string}"},"query-input":{"@type":"PropertyValueSpecification","valueRequired":true,"valueName":"search_term_string"}}],"inLanguage":"pl-PL"},{"@type":"Organization","@id":"https:\/\/lineahead.pl\/#organization","name":"Line Ahead","url":"https:\/\/lineahead.pl\/","logo":{"@type":"ImageObject","inLanguage":"pl-PL","@id":"https:\/\/lineahead.pl\/#\/schema\/logo\/image\/","url":"https:\/\/lineahead.pl\/wp-content\/uploads\/2026\/03\/cropped-cropped-cropped-02-white-black-scaled-1.png","contentUrl":"https:\/\/lineahead.pl\/wp-content\/uploads\/2026\/03\/cropped-cropped-cropped-02-white-black-scaled-1.png","width":2560,"height":2560,"caption":"Line Ahead"},"image":{"@id":"https:\/\/lineahead.pl\/#\/schema\/logo\/image\/"}}]}},"_links":{"self":[{"href":"https:\/\/lineahead.pl\/index.php\/wp-json\/wp\/v2\/pages\/22","targetHints":{"allow":["GET"]}}],"collection":[{"href":"https:\/\/lineahead.pl\/index.php\/wp-json\/wp\/v2\/pages"}],"about":[{"href":"https:\/\/lineahead.pl\/index.php\/wp-json\/wp\/v2\/types\/page"}],"author":[{"embeddable":true,"href":"https:\/\/lineahead.pl\/index.php\/wp-json\/wp\/v2\/users\/1"}],"replies":[{"embeddable":true,"href":"https:\/\/lineahead.pl\/index.php\/wp-json\/wp\/v2\/comments?post=22"}],"version-history":[{"count":219,"href":"https:\/\/lineahead.pl\/index.php\/wp-json\/wp\/v2\/pages\/22\/revisions"}],"predecessor-version":[{"id":16207,"href":"https:\/\/lineahead.pl\/index.php\/wp-json\/wp\/v2\/pages\/22\/revisions\/16207"}],"wp:attachment":[{"href":"https:\/\/lineahead.pl\/index.php\/wp-json\/wp\/v2\/media?parent=22"}],"curies":[{"name":"wp","href":"https:\/\/api.w.org\/{rel}","templated":true}]}}