{"id":14625,"date":"2024-07-11T10:42:10","date_gmt":"2024-07-11T10:42:10","guid":{"rendered":"https:\/\/liko.foxthemes.me\/?page_id=14625"},"modified":"2026-03-30T20:14:04","modified_gmt":"2026-03-30T20:14:04","slug":"kontakt","status":"publish","type":"page","link":"https:\/\/lineahead.pl\/index.php\/kontakt\/","title":{"rendered":"Kontakt"},"content":{"rendered":"\t\t<div data-elementor-type=\"wp-page\" data-elementor-id=\"14625\" class=\"elementor elementor-14625\">\n\t\t\t\t<div class=\"elementor-element elementor-element-795ef45 e-con-full e-flex e-con e-parent\" data-id=\"795ef45\" data-element_type=\"container\" data-settings=\"{&quot;background_background&quot;:&quot;classic&quot;}\">\n\t\t\t\t<div class=\"elementor-element elementor-element-08b949d elementor-widget elementor-widget-tp-header\" data-id=\"08b949d\" data-element_type=\"widget\" data-widget_type=\"tp-header.default\">\n\t\t\t\t<div class=\"elementor-widget-container\">\n\t\t\t\t\t\n\n\n<header class=\"tp-header-height\">\n\n<!-- header top area start -->\n<div id=\"header-sticky\" class=\"tp-header-area tp-header-mob-space tp-transparent pl-60 pr-60 z-index-9 \">\n   <div class=\"container\">\n      <div class=\"row align-items-center\">\n         <div class=\"col-xl-2 col-lg-2 col-6\">\n            <div class=\"tp-header-logo\">\n                <a class=\"logo-1 tp-el-heder-logo-black\" href=\"https:\/\/lineahead.pl\/\">\n                    <img decoding=\"async\" src=\"https:\/\/lineahead.pl\/wp-content\/uploads\/2026\/03\/cropped-cropped-02-white-black-scaled-1.png\" alt=\"\">\n                <\/a>\n                <a class=\"logo-2 tp-el-heder-logo-white\" href=\"https:\/\/lineahead.pl\/\">\n                    <img decoding=\"async\" src=\"https:\/\/lineahead.pl\/wp-content\/plugins\/elementor\/assets\/images\/placeholder.png\" alt=\"\">\n                <\/a>\n            <\/div>\n         <\/div>\n         <div class=\"col-xl-8 col-lg-9 d-none d-xl-block\">\n            <div class=\"tp-header-menu header-main-menu text-center\">\n               <nav class=\"tp-main-menu-content\">\n                    <ul id=\"menu-1-08b949d\" class=\"tp-nav-menu \"><li itemscope=\"itemscope\" itemtype=\"https:\/\/www.schema.org\/SiteNavigationElement\" id=\"menu-item-15725\" class=\"menu-item menu-item-type-post_type menu-item-object-page menu-item-home menu-item-15725 nav-item\"><a title=\"strona g\u0142\u00f3wna\" href=\"https:\/\/lineahead.pl\/\" class=\"nav-links\">strona g\u0142\u00f3wna<\/a><\/li>\n<li itemscope=\"itemscope\" itemtype=\"https:\/\/www.schema.org\/SiteNavigationElement\" id=\"menu-item-15726\" class=\"menu-item menu-item-type-post_type menu-item-object-page current_page_parent menu-item-15726 nav-item\"><a title=\"audyt\" href=\"https:\/\/lineahead.pl\/index.php\/blog\/\" class=\"nav-links\">audyt<\/a><\/li>\n<li itemscope=\"itemscope\" itemtype=\"https:\/\/www.schema.org\/SiteNavigationElement\" id=\"menu-item-15727\" class=\"menu-item menu-item-type-post_type menu-item-object-page menu-item-15727 nav-item\"><a title=\"o nas\" href=\"https:\/\/lineahead.pl\/index.php\/o-nas\/\" class=\"nav-links\">o nas<\/a><\/li>\n<li itemscope=\"itemscope\" itemtype=\"https:\/\/www.schema.org\/SiteNavigationElement\" id=\"menu-item-15728\" class=\"menu-item menu-item-type-post_type menu-item-object-page menu-item-15728 nav-item\"><a title=\"kontakt\" href=\"https:\/\/lineahead.pl\/index.php\/kontakt\/\" class=\"nav-links\">kontakt<\/a><\/li>\n<\/ul>               <\/nav>\n            <\/div>\n         <\/div>\n         <div class=\"col-xl-2 col-lg col-6\">\n            <div class=\"tp-header-bar text-end\">\n               <button class=\"tp-offcanvas-open-btn\">\n                  <span><\/span>\n                  <span><\/span>\n               <\/button>\n            <\/div>\n         <\/div>\n      <\/div>\n   <\/div>\n<\/div>\n<!-- header top area end -->\n\n<\/header>\n\n\n<!-- tp-offcanvus-area-end -->\n<div class=\"tp-offcanvas-area\">\n   <div class=\"tp-offcanvas-wrapper\">\n      <div class=\"tp-offcanvas-top d-flex align-items-center justify-content-between\">\n         <div class=\"tp-offcanvas-logo\">\n            <a href=\"https:\/\/lineahead.pl\/\">\n               <img decoding=\"async\" src=\"https:\/\/lineahead.pl\/wp-content\/plugins\/elementor\/assets\/images\/placeholder.png\" alt=\"\">\n            <\/a>\n         <\/div>\n         <div class=\"tp-offcanvas-close\">\n            <button class=\"tp-offcanvas-close-btn\">\n               <svg width=\"37\" height=\"38\" viewBox=\"0 0 37 38\" fill=\"none\" xmlns=\"http:\/\/www.w3.org\/2000\/svg\">\n                  <path d=\"M9.19141 9.80762L27.5762 28.1924\" stroke=\"currentColor\" stroke-width=\"1.5\" stroke-linecap=\"round\" stroke-linejoin=\"round\" \/>\n                  <path d=\"M9.19141 28.1924L27.5762 9.80761\" stroke=\"currentColor\" stroke-width=\"1.5\" stroke-linecap=\"round\" stroke-linejoin=\"round\" \/>\n               <\/svg>\n            <\/button>\n         <\/div>\n      <\/div>\n      <div class=\"tp-offcanvas-main\">\n\n         \n      <\/div>\n   <\/div>\n<\/div>\n<div class=\"body-overlay\"><\/div>\n<!-- tp-offcanvus-area-end -->\n \n\n\t\t\t\t<\/div>\n\t\t\t\t<\/div>\n\t\t\t\t<\/div>\n\t\t<div class=\"elementor-element elementor-element-d0bf1af e-flex e-con-boxed e-con e-parent\" data-id=\"d0bf1af\" data-element_type=\"container\" data-settings=\"{&quot;background_background&quot;:&quot;classic&quot;}\">\n\t\t\t\t\t<div class=\"e-con-inner\">\n\t\t<div class=\"elementor-element elementor-element-bc33e4b e-flex e-con-boxed e-con e-child\" data-id=\"bc33e4b\" data-element_type=\"container\">\n\t\t\t\t\t<div class=\"e-con-inner\">\n\t\t\t\t<div class=\"elementor-element elementor-element-415ef45 elementor-widget elementor-widget-tp-page-title\" data-id=\"415ef45\" data-element_type=\"widget\" data-settings=\"{&quot;tp_anima_type&quot;:&quot;tp-char-animation&quot;}\" data-widget_type=\"tp-page-title.default\">\n\t\t\t\t<div class=\"elementor-widget-container\">\n\t\t\t\t\t\n\n<div class=\"tp-el-section\">\n    <div class=\"tm-hero-content\">\n            \n        <h1 class=\"tm-hero-title fs-220 tp-el-title tp-char-animation\">Napisz do nas <\/h1>    <\/div>\n    \n    <\/div>\n\n\t\t\t\t<\/div>\n\t\t\t\t<\/div>\n\t\t\t\t\t<\/div>\n\t\t\t\t<\/div>\n\t\t\t\t\t<\/div>\n\t\t\t\t<\/div>\n\t\t<div class=\"elementor-element elementor-element-e398400 e-flex e-con-boxed e-con e-parent\" data-id=\"e398400\" data-element_type=\"container\" data-settings=\"{&quot;background_background&quot;:&quot;classic&quot;}\">\n\t\t\t\t\t<div class=\"e-con-inner\">\n\t\t<div class=\"elementor-element elementor-element-32ea8b0 e-con-full e-flex e-con e-child\" data-id=\"32ea8b0\" data-element_type=\"container\">\n\t\t<div class=\"elementor-element elementor-element-576fe8a e-flex e-con-boxed e-con e-child\" data-id=\"576fe8a\" data-element_type=\"container\" data-settings=\"{&quot;background_background&quot;:&quot;classic&quot;}\">\n\t\t\t\t\t<div class=\"e-con-inner\">\n\t\t\t\t<div class=\"elementor-element elementor-element-2a3c3c9 elementor-widget elementor-widget-tp-conatct-form\" data-id=\"2a3c3c9\" data-element_type=\"widget\" data-widget_type=\"tp-conatct-form.default\">\n\t\t\t\t<div class=\"elementor-widget-container\">\n\t\t\t\t\t\n\n<div class=\"cn-contactform-wrap tp-el-c-form\">\n            \n<div class=\"wpcf7 no-js\" id=\"wpcf7-f18-o1\" lang=\"pl-PL\" dir=\"ltr\" data-wpcf7-id=\"18\">\n<div class=\"screen-reader-response\"><p role=\"status\" aria-live=\"polite\" aria-atomic=\"true\"><\/p> <ul><\/ul><\/div>\n<form action=\"\/index.php\/wp-json\/wp\/v2\/pages\/14625#wpcf7-f18-o1\" method=\"post\" class=\"wpcf7-form init\" aria-label=\"Formularz kontaktowy\" novalidate=\"novalidate\" data-status=\"init\">\n<fieldset class=\"hidden-fields-container\"><input type=\"hidden\" name=\"_wpcf7\" value=\"18\" \/><input type=\"hidden\" name=\"_wpcf7_version\" value=\"6.1.1\" \/><input type=\"hidden\" name=\"_wpcf7_locale\" value=\"pl_PL\" \/><input type=\"hidden\" name=\"_wpcf7_unit_tag\" value=\"wpcf7-f18-o1\" \/><input type=\"hidden\" name=\"_wpcf7_container_post\" value=\"0\" \/><input type=\"hidden\" name=\"_wpcf7_posted_data_hash\" value=\"\" \/>\n<\/fieldset>\n<label> Imi\u0119\n    <span class=\"wpcf7-form-control-wrap\" data-name=\"your-name\"><input size=\"40\" maxlength=\"400\" class=\"wpcf7-form-control wpcf7-text wpcf7-validates-as-required\" autocomplete=\"name\" aria-required=\"true\" aria-invalid=\"false\" value=\"\" type=\"text\" name=\"your-name\" \/><\/span> <\/label>\n\n<label> Adres e-mail\n    <span class=\"wpcf7-form-control-wrap\" data-name=\"your-email\"><input size=\"40\" maxlength=\"400\" class=\"wpcf7-form-control wpcf7-email wpcf7-validates-as-required wpcf7-text wpcf7-validates-as-email\" autocomplete=\"email\" aria-required=\"true\" aria-invalid=\"false\" value=\"\" type=\"email\" name=\"your-email\" \/><\/span> <\/label>\n\n<label> Temat\n    <span class=\"wpcf7-form-control-wrap\" data-name=\"your-subject\"><input size=\"40\" maxlength=\"400\" class=\"wpcf7-form-control wpcf7-text wpcf7-validates-as-required\" aria-required=\"true\" aria-invalid=\"false\" value=\"\" type=\"text\" name=\"your-subject\" \/><\/span> <\/label>\n\n<label> Wiadomo\u015b\u0107 \n    <span class=\"wpcf7-form-control-wrap\" data-name=\"your-message\"><textarea cols=\"40\" rows=\"10\" maxlength=\"2000\" class=\"wpcf7-form-control wpcf7-textarea\" aria-invalid=\"false\" name=\"your-message\"><\/textarea><\/span> <\/label>\n\n<input class=\"wpcf7-form-control wpcf7-submit has-spinner\" type=\"submit\" value=\"Wy\u015blij\" \/><div class=\"wpcf7-response-output\" aria-hidden=\"true\"><\/div>\n<\/form>\n<\/div>\n    <\/div>\n\n\t\t\t\t<\/div>\n\t\t\t\t<\/div>\n\t\t\t\t\t<\/div>\n\t\t\t\t<\/div>\n\t\t\t\t<\/div>\n\t\t\t\t\t<\/div>\n\t\t\t\t<\/div>\n\t\t<div class=\"elementor-element elementor-element-d913dd2 e-flex e-con-boxed e-con e-parent\" data-id=\"d913dd2\" data-element_type=\"container\">\n\t\t\t\t\t<div class=\"e-con-inner\">\n\t\t\t\t\t<\/div>\n\t\t\t\t<\/div>\n\t\t<div class=\"elementor-element elementor-element-1fe30d4 e-flex e-con-boxed e-con e-parent\" data-id=\"1fe30d4\" data-element_type=\"container\">\n\t\t\t\t\t<div class=\"e-con-inner\">\n\t\t\t\t\t<\/div>\n\t\t\t\t<\/div>\n\t\t<div class=\"elementor-element elementor-element-941115a e-flex e-con-boxed e-con e-parent\" data-id=\"941115a\" data-element_type=\"container\">\n\t\t\t\t\t<div class=\"e-con-inner\">\n\t\t\t\t\t<\/div>\n\t\t\t\t<\/div>\n\t\t\t\t<\/div>\n\t\t","protected":false},"excerpt":{"rendered":"<p>strona g\u0142\u00f3wna audyt o nas kontakt Napisz do nas Imi\u0119 Adres e-mail Temat Wiadomo\u015b\u0107<\/p>\n","protected":false},"author":1,"featured_media":0,"parent":0,"menu_order":0,"comment_status":"closed","ping_status":"closed","template":"elementor_header_footer","meta":{"footnotes":""},"class_list":["post-14625","page","type-page","status-publish","hentry"],"yoast_head":"<!-- This site is optimized with the Yoast SEO plugin v25.8 - https:\/\/yoast.com\/wordpress\/plugins\/seo\/ -->\n<title>Kontakt - Line Ahead<\/title>\n<meta name=\"description\" content=\"Obs\u0142uga kampanii? Konsultacja marketingu online? Skontaktuj si\u0119 z nami.\" \/>\n<meta name=\"robots\" content=\"index, follow, max-snippet:-1, max-image-preview:large, max-video-preview:-1\" \/>\n<link rel=\"canonical\" href=\"https:\/\/lineahead.pl\/index.php\/kontakt\/\" \/>\n<meta property=\"og:locale\" content=\"pl_PL\" \/>\n<meta property=\"og:type\" content=\"article\" \/>\n<meta property=\"og:title\" content=\"Kontakt - Line Ahead\" \/>\n<meta property=\"og:description\" content=\"Obs\u0142uga kampanii? Konsultacja marketingu online? Skontaktuj si\u0119 z nami.\" \/>\n<meta property=\"og:url\" content=\"https:\/\/lineahead.pl\/index.php\/kontakt\/\" \/>\n<meta property=\"og:site_name\" content=\"Line Ahead\" \/>\n<meta property=\"article:modified_time\" content=\"2026-03-30T20:14:04+00:00\" \/>\n<meta property=\"og:image\" content=\"https:\/\/lineahead.pl\/wp-content\/uploads\/2026\/03\/cropped-cropped-02-white-black-scaled-1.png\" \/>\n<meta name=\"twitter:card\" content=\"summary_large_image\" \/>\n<meta name=\"twitter:label1\" content=\"Szacowany czas czytania\" \/>\n\t<meta name=\"twitter:data1\" content=\"1 minuta\" \/>\n<script type=\"application\/ld+json\" class=\"yoast-schema-graph\">{\"@context\":\"https:\/\/schema.org\",\"@graph\":[{\"@type\":\"WebPage\",\"@id\":\"https:\/\/lineahead.pl\/index.php\/kontakt\/\",\"url\":\"https:\/\/lineahead.pl\/index.php\/kontakt\/\",\"name\":\"Kontakt - Line Ahead\",\"isPartOf\":{\"@id\":\"https:\/\/lineahead.pl\/#website\"},\"primaryImageOfPage\":{\"@id\":\"https:\/\/lineahead.pl\/index.php\/kontakt\/#primaryimage\"},\"image\":{\"@id\":\"https:\/\/lineahead.pl\/index.php\/kontakt\/#primaryimage\"},\"thumbnailUrl\":\"https:\/\/lineahead.pl\/wp-content\/uploads\/2026\/03\/cropped-cropped-02-white-black-scaled-1.png\",\"datePublished\":\"2024-07-11T10:42:10+00:00\",\"dateModified\":\"2026-03-30T20:14:04+00:00\",\"description\":\"Obs\u0142uga kampanii? Konsultacja marketingu online? Skontaktuj si\u0119 z nami.\",\"breadcrumb\":{\"@id\":\"https:\/\/lineahead.pl\/index.php\/kontakt\/#breadcrumb\"},\"inLanguage\":\"pl-PL\",\"potentialAction\":[{\"@type\":\"ReadAction\",\"target\":[\"https:\/\/lineahead.pl\/index.php\/kontakt\/\"]}]},{\"@type\":\"ImageObject\",\"inLanguage\":\"pl-PL\",\"@id\":\"https:\/\/lineahead.pl\/index.php\/kontakt\/#primaryimage\",\"url\":\"https:\/\/lineahead.pl\/wp-content\/uploads\/2026\/03\/cropped-cropped-02-white-black-scaled-1.png\",\"contentUrl\":\"https:\/\/lineahead.pl\/wp-content\/uploads\/2026\/03\/cropped-cropped-02-white-black-scaled-1.png\",\"width\":2560,\"height\":2560},{\"@type\":\"BreadcrumbList\",\"@id\":\"https:\/\/lineahead.pl\/index.php\/kontakt\/#breadcrumb\",\"itemListElement\":[{\"@type\":\"ListItem\",\"position\":1,\"name\":\"Strona g\u0142\u00f3wna\",\"item\":\"https:\/\/lineahead.pl\/\"},{\"@type\":\"ListItem\",\"position\":2,\"name\":\"Kontakt\"}]},{\"@type\":\"WebSite\",\"@id\":\"https:\/\/lineahead.pl\/#website\",\"url\":\"https:\/\/lineahead.pl\/\",\"name\":\"Line Ahead\",\"description\":\"\",\"publisher\":{\"@id\":\"https:\/\/lineahead.pl\/#organization\"},\"potentialAction\":[{\"@type\":\"SearchAction\",\"target\":{\"@type\":\"EntryPoint\",\"urlTemplate\":\"https:\/\/lineahead.pl\/?s={search_term_string}\"},\"query-input\":{\"@type\":\"PropertyValueSpecification\",\"valueRequired\":true,\"valueName\":\"search_term_string\"}}],\"inLanguage\":\"pl-PL\"},{\"@type\":\"Organization\",\"@id\":\"https:\/\/lineahead.pl\/#organization\",\"name\":\"Line Ahead\",\"url\":\"https:\/\/lineahead.pl\/\",\"logo\":{\"@type\":\"ImageObject\",\"inLanguage\":\"pl-PL\",\"@id\":\"https:\/\/lineahead.pl\/#\/schema\/logo\/image\/\",\"url\":\"https:\/\/lineahead.pl\/wp-content\/uploads\/2026\/03\/cropped-cropped-cropped-02-white-black-scaled-1.png\",\"contentUrl\":\"https:\/\/lineahead.pl\/wp-content\/uploads\/2026\/03\/cropped-cropped-cropped-02-white-black-scaled-1.png\",\"width\":2560,\"height\":2560,\"caption\":\"Line Ahead\"},\"image\":{\"@id\":\"https:\/\/lineahead.pl\/#\/schema\/logo\/image\/\"}}]}<\/script>\n<!-- \/ Yoast SEO plugin. -->","yoast_head_json":{"title":"Kontakt - Line Ahead","description":"Obs\u0142uga kampanii? Konsultacja marketingu online? Skontaktuj si\u0119 z nami.","robots":{"index":"index","follow":"follow","max-snippet":"max-snippet:-1","max-image-preview":"max-image-preview:large","max-video-preview":"max-video-preview:-1"},"canonical":"https:\/\/lineahead.pl\/index.php\/kontakt\/","og_locale":"pl_PL","og_type":"article","og_title":"Kontakt - Line Ahead","og_description":"Obs\u0142uga kampanii? Konsultacja marketingu online? Skontaktuj si\u0119 z nami.","og_url":"https:\/\/lineahead.pl\/index.php\/kontakt\/","og_site_name":"Line Ahead","article_modified_time":"2026-03-30T20:14:04+00:00","og_image":[{"url":"https:\/\/lineahead.pl\/wp-content\/uploads\/2026\/03\/cropped-cropped-02-white-black-scaled-1.png","type":"","width":"","height":""}],"twitter_card":"summary_large_image","twitter_misc":{"Szacowany czas czytania":"1 minuta"},"schema":{"@context":"https:\/\/schema.org","@graph":[{"@type":"WebPage","@id":"https:\/\/lineahead.pl\/index.php\/kontakt\/","url":"https:\/\/lineahead.pl\/index.php\/kontakt\/","name":"Kontakt - Line Ahead","isPartOf":{"@id":"https:\/\/lineahead.pl\/#website"},"primaryImageOfPage":{"@id":"https:\/\/lineahead.pl\/index.php\/kontakt\/#primaryimage"},"image":{"@id":"https:\/\/lineahead.pl\/index.php\/kontakt\/#primaryimage"},"thumbnailUrl":"https:\/\/lineahead.pl\/wp-content\/uploads\/2026\/03\/cropped-cropped-02-white-black-scaled-1.png","datePublished":"2024-07-11T10:42:10+00:00","dateModified":"2026-03-30T20:14:04+00:00","description":"Obs\u0142uga kampanii? Konsultacja marketingu online? Skontaktuj si\u0119 z nami.","breadcrumb":{"@id":"https:\/\/lineahead.pl\/index.php\/kontakt\/#breadcrumb"},"inLanguage":"pl-PL","potentialAction":[{"@type":"ReadAction","target":["https:\/\/lineahead.pl\/index.php\/kontakt\/"]}]},{"@type":"ImageObject","inLanguage":"pl-PL","@id":"https:\/\/lineahead.pl\/index.php\/kontakt\/#primaryimage","url":"https:\/\/lineahead.pl\/wp-content\/uploads\/2026\/03\/cropped-cropped-02-white-black-scaled-1.png","contentUrl":"https:\/\/lineahead.pl\/wp-content\/uploads\/2026\/03\/cropped-cropped-02-white-black-scaled-1.png","width":2560,"height":2560},{"@type":"BreadcrumbList","@id":"https:\/\/lineahead.pl\/index.php\/kontakt\/#breadcrumb","itemListElement":[{"@type":"ListItem","position":1,"name":"Strona g\u0142\u00f3wna","item":"https:\/\/lineahead.pl\/"},{"@type":"ListItem","position":2,"name":"Kontakt"}]},{"@type":"WebSite","@id":"https:\/\/lineahead.pl\/#website","url":"https:\/\/lineahead.pl\/","name":"Line Ahead","description":"","publisher":{"@id":"https:\/\/lineahead.pl\/#organization"},"potentialAction":[{"@type":"SearchAction","target":{"@type":"EntryPoint","urlTemplate":"https:\/\/lineahead.pl\/?s={search_term_string}"},"query-input":{"@type":"PropertyValueSpecification","valueRequired":true,"valueName":"search_term_string"}}],"inLanguage":"pl-PL"},{"@type":"Organization","@id":"https:\/\/lineahead.pl\/#organization","name":"Line Ahead","url":"https:\/\/lineahead.pl\/","logo":{"@type":"ImageObject","inLanguage":"pl-PL","@id":"https:\/\/lineahead.pl\/#\/schema\/logo\/image\/","url":"https:\/\/lineahead.pl\/wp-content\/uploads\/2026\/03\/cropped-cropped-cropped-02-white-black-scaled-1.png","contentUrl":"https:\/\/lineahead.pl\/wp-content\/uploads\/2026\/03\/cropped-cropped-cropped-02-white-black-scaled-1.png","width":2560,"height":2560,"caption":"Line Ahead"},"image":{"@id":"https:\/\/lineahead.pl\/#\/schema\/logo\/image\/"}}]}},"_links":{"self":[{"href":"https:\/\/lineahead.pl\/index.php\/wp-json\/wp\/v2\/pages\/14625","targetHints":{"allow":["GET"]}}],"collection":[{"href":"https:\/\/lineahead.pl\/index.php\/wp-json\/wp\/v2\/pages"}],"about":[{"href":"https:\/\/lineahead.pl\/index.php\/wp-json\/wp\/v2\/types\/page"}],"author":[{"embeddable":true,"href":"https:\/\/lineahead.pl\/index.php\/wp-json\/wp\/v2\/users\/1"}],"replies":[{"embeddable":true,"href":"https:\/\/lineahead.pl\/index.php\/wp-json\/wp\/v2\/comments?post=14625"}],"version-history":[{"count":52,"href":"https:\/\/lineahead.pl\/index.php\/wp-json\/wp\/v2\/pages\/14625\/revisions"}],"predecessor-version":[{"id":16188,"href":"https:\/\/lineahead.pl\/index.php\/wp-json\/wp\/v2\/pages\/14625\/revisions\/16188"}],"wp:attachment":[{"href":"https:\/\/lineahead.pl\/index.php\/wp-json\/wp\/v2\/media?parent=14625"}],"curies":[{"name":"wp","href":"https:\/\/api.w.org\/{rel}","templated":true}]}}