{"id":13054,"date":"2024-07-07T11:00:30","date_gmt":"2024-07-07T11:00:30","guid":{"rendered":"https:\/\/liko.foxthemes.me\/?page_id=13054"},"modified":"2026-03-29T11:55:36","modified_gmt":"2026-03-29T11:55:36","slug":"o-nas","status":"publish","type":"page","link":"https:\/\/lineahead.pl\/index.php\/o-nas\/","title":{"rendered":"o nas"},"content":{"rendered":"\t\t<div data-elementor-type=\"wp-page\" data-elementor-id=\"13054\" class=\"elementor elementor-13054\">\n\t\t\t\t<div class=\"elementor-element elementor-element-d776181 e-flex e-con-boxed e-con e-parent\" data-id=\"d776181\" data-element_type=\"container\" data-settings=\"{&quot;background_background&quot;:&quot;classic&quot;}\">\n\t\t\t\t\t<div class=\"e-con-inner\">\n\t\t<div class=\"elementor-element elementor-element-424598d e-con-full e-flex e-con e-child\" data-id=\"424598d\" data-element_type=\"container\">\n\t\t<div class=\"elementor-element elementor-element-0d3075d e-con-full e-flex e-con e-child\" data-id=\"0d3075d\" data-element_type=\"container\">\n\t\t<div class=\"elementor-element elementor-element-941ab6b e-con-full e-flex e-con e-child\" data-id=\"941ab6b\" data-element_type=\"container\">\n\t\t\t\t<div class=\"elementor-element elementor-element-e30913a elementor-widget elementor-widget-tp-animated-text\" data-id=\"e30913a\" data-element_type=\"widget\" data-widget_type=\"tp-animated-text.default\">\n\t\t\t\t<div class=\"elementor-widget-container\">\n\t\t\t\t\t\n\n\n<p class=\" liko-animated-text-widget tp-el-animation-heading tp-section-title-span-padding \">Line Ahead to agencja PPC, kt\u00f3ra wie, jak dzia\u0142aj\u0105 systemy reklamowe od \u015brodka.\nZanim zacz\u0119li\u015bmy zarz\u0105dza\u0107 kampaniami klient\u00f3w, wdra\u017cali\u015bmy nowe technologie reklamowe Google jako oficjalny partner Google. Wiemy, jak platforma dzia\u0142a \u2014 nie z tutoriali, ale z pierwszej r\u0119ki.<\/p>\n\t\t\t\t<\/div>\n\t\t\t\t<\/div>\n\t\t\t\t<\/div>\n\t\t<div class=\"elementor-element elementor-element-2dc7a59 e-con-full e-flex e-con e-child\" data-id=\"2dc7a59\" data-element_type=\"container\">\n\t\t<div class=\"elementor-element elementor-element-ccbee32 e-con-full e-flex e-con e-child\" data-id=\"ccbee32\" data-element_type=\"container\">\n\t\t<div class=\"elementor-element elementor-element-22de731 e-con-full e-flex e-con e-child\" data-id=\"22de731\" data-element_type=\"container\">\n\t\t\t\t<div class=\"elementor-element elementor-element-add67d5 elementor-widget elementor-widget-heading\" data-id=\"add67d5\" data-element_type=\"widget\" data-widget_type=\"heading.default\">\n\t\t\t\t\t<h2 class=\"elementor-heading-title elementor-size-default\">CO ROBIMY<\/h2>\t\t\t\t<\/div>\n\t\t\t\t<div class=\"elementor-element elementor-element-4282b88 elementor-widget elementor-widget-tp-list\" data-id=\"4282b88\" data-element_type=\"widget\" data-widget_type=\"tp-list.default\">\n\t\t\t\t<div class=\"elementor-widget-container\">\n\t\t\t\t\t    <div class=\"ab-about-category-list category-space-1 \">\n        <ul>\n                            <li class=\"tp-el-list-title\">Google Ads<\/li>\n                            <li class=\"tp-el-list-title\">Meta Ads<\/li>\n                            <li class=\"tp-el-list-title\">Strategia Kampanii<\/li>\n                            <li class=\"tp-el-list-title\">Analityka i Tracking<\/li>\n                            <li class=\"tp-el-list-title\">E-commerce<\/li>\n                            <li class=\"tp-el-list-title\">Generowanie Lead\u00f3w<\/li>\n                            <li class=\"tp-el-list-title\">Doradztwo <\/li>\n                    <\/ul>\n    <\/div>\n\n\n\t\t\t\t<\/div>\n\t\t\t\t<\/div>\n\t\t\t\t<\/div>\n\t\t<div class=\"elementor-element elementor-element-5081cff e-con-full e-flex e-con e-child\" data-id=\"5081cff\" data-element_type=\"container\">\n\t\t\t\t<div class=\"elementor-element elementor-element-0ec9ce7 elementor-widget elementor-widget-heading\" data-id=\"0ec9ce7\" data-element_type=\"widget\" data-widget_type=\"heading.default\">\n\t\t\t\t\t<h2 class=\"elementor-heading-title elementor-size-default\">DLACZEGO MY<\/h2>\t\t\t\t<\/div>\n\t\t\t\t<div class=\"elementor-element elementor-element-5e337ea elementor-widget elementor-widget-tp-list\" data-id=\"5e337ea\" data-element_type=\"widget\" data-widget_type=\"tp-list.default\">\n\t\t\t\t<div class=\"elementor-widget-container\">\n\t\t\t\t\t    <div class=\"ab-about-category-list category-space-1 \">\n        <ul>\n                            <li class=\"tp-el-list-title\">Poparci wynikami<\/li>\n                            <li class=\"tp-el-list-title\">Eksperckie do\u015bwiadczenie<\/li>\n                            <li class=\"tp-el-list-title\">Bespo\u015bredni kontakt<\/li>\n                            <li class=\"tp-el-list-title\">Pe\u0142na uwaga<\/li>\n                            <li class=\"tp-el-list-title\">Rozumienie system\u00f3w reklamowych<\/li>\n                    <\/ul>\n    <\/div>\n\n\n\t\t\t\t<\/div>\n\t\t\t\t<\/div>\n\t\t\t\t<\/div>\n\t\t\t\t<\/div>\n\t\t\t\t<\/div>\n\t\t\t\t<\/div>\n\t\t\t\t<\/div>\n\t\t\t\t\t<\/div>\n\t\t\t\t<\/div>\n\t\t<div class=\"elementor-element elementor-element-9beb65c e-flex e-con-boxed e-con e-parent\" data-id=\"9beb65c\" data-element_type=\"container\">\n\t\t\t\t\t<div class=\"e-con-inner\">\n\t\t<div class=\"elementor-element elementor-element-0d690d5 e-flex e-con-boxed e-con e-child\" data-id=\"0d690d5\" data-element_type=\"container\">\n\t\t\t\t\t<div class=\"e-con-inner\">\n\t\t<div class=\"elementor-element elementor-element-a5db4ae e-con-full e-flex e-con e-child\" data-id=\"a5db4ae\" data-element_type=\"container\">\n\t\t<div class=\"elementor-element elementor-element-e6ceb2e e-con-full e-flex e-con e-child\" data-id=\"e6ceb2e\" data-element_type=\"container\">\n\t\t\t\t<div class=\"elementor-element elementor-element-40138e1 elementor-widget__width-initial elementor-widget-mobile__width-inherit elementor-widget elementor-widget-heading\" data-id=\"40138e1\" data-element_type=\"widget\" data-widget_type=\"heading.default\">\n\t\t\t\t\t<h4 class=\"elementor-heading-title elementor-size-default\">Do\u015bwiadczenie<\/h4>\t\t\t\t<\/div>\n\t\t\t\t<div class=\"elementor-element elementor-element-e1baa08 elementor-widget elementor-widget-heading\" data-id=\"e1baa08\" data-element_type=\"widget\" data-widget_type=\"heading.default\">\n\t\t\t\t\t<span class=\"elementor-heading-title elementor-size-default\">About My Biography<\/span>\t\t\t\t<\/div>\n\t\t\t\t<div class=\"elementor-element elementor-element-405281c elementor-hidden-tablet elementor-hidden-mobile elementor-widget elementor-widget-image\" data-id=\"405281c\" data-element_type=\"widget\" data-widget_type=\"image.default\">\n\t\t\t\t\t\t\t\t\t\t\t\t\t\t\t<img decoding=\"async\" src=\"http:\/\/liko.foxthemes.me\/wp-content\/uploads\/2024\/06\/shape-1.png\" title=\"\" alt=\"\" loading=\"lazy\" \/>\t\t\t\t\t\t\t\t\t\t\t\t\t\t\t<\/div>\n\t\t\t\t<\/div>\n\t\t\t\t<\/div>\n\t\t<div class=\"elementor-element elementor-element-30f35bb e-con-full e-flex e-con e-child\" data-id=\"30f35bb\" data-element_type=\"container\">\n\t\t\t\t<div class=\"elementor-element elementor-element-12b8f2f elementor-widget-tablet__width-initial elementor-widget elementor-widget-tp-work-experience\" data-id=\"12b8f2f\" data-element_type=\"widget\" data-widget_type=\"tp-work-experience.default\">\n\t\t\t\t<div class=\"elementor-widget-container\">\n\t\t\t\t\t\n    <div class=\"ab-2-work-item tp-el-work-experience-box \">\n        <div class=\"sv-service-content\">\n            <div class=\"sv-service-title-box\">\n                                <span class=\"sv-service-subtitle tp-el-subtitle\">\n                                        <i>01<\/i>\n                    \n                                            Design Studio                                    <\/span>\n                \n                <h3 class=\"sv-service-title tp-el-work-experience-title tp-el-title\">Product Designer<\/h3>            <\/div>\n                        <div class=\"sv-service-space-wrap\">\n                <div class=\"sv-service-text\">\n                    <p class=\"tp-el-description\">Write modern, perform ant, maintainable code for a diverse array of client and internal projects<\/p>\n                <\/div>\n            <\/div>\n                    <\/div>\n    <\/div>\n\n\n\t\t\t\t<\/div>\n\t\t\t\t<\/div>\n\t\t\t\t<div class=\"elementor-element elementor-element-95e7cf1 elementor-widget-tablet__width-initial elementor-widget elementor-widget-tp-work-experience\" data-id=\"95e7cf1\" data-element_type=\"widget\" data-widget_type=\"tp-work-experience.default\">\n\t\t\t\t<div class=\"elementor-widget-container\">\n\t\t\t\t\t\n    <div class=\"ab-2-work-item tp-el-work-experience-box \">\n        <div class=\"sv-service-content\">\n            <div class=\"sv-service-title-box\">\n                                <span class=\"sv-service-subtitle tp-el-subtitle\">\n                                        <i>02<\/i>\n                    \n                                            Design Studio                                    <\/span>\n                \n                <h3 class=\"sv-service-title tp-el-work-experience-title tp-el-title\">Modern Designer<\/h3>            <\/div>\n                        <div class=\"sv-service-space-wrap\">\n                <div class=\"sv-service-text\">\n                    <p class=\"tp-el-description\">Write modern, perform ant, maintainable code for a diverse array of client and internal projects<\/p>\n                <\/div>\n            <\/div>\n                    <\/div>\n    <\/div>\n\n\n\t\t\t\t<\/div>\n\t\t\t\t<\/div>\n\t\t\t\t<div class=\"elementor-element elementor-element-4bff537 elementor-widget-tablet__width-initial elementor-widget elementor-widget-tp-work-experience\" data-id=\"4bff537\" data-element_type=\"widget\" data-widget_type=\"tp-work-experience.default\">\n\t\t\t\t<div class=\"elementor-widget-container\">\n\t\t\t\t\t\n    <div class=\"ab-2-work-item tp-el-work-experience-box \">\n        <div class=\"sv-service-content\">\n            <div class=\"sv-service-title-box\">\n                                <span class=\"sv-service-subtitle tp-el-subtitle\">\n                                        <i>03<\/i>\n                    \n                                            Design Studio                                    <\/span>\n                \n                <h3 class=\"sv-service-title tp-el-work-experience-title tp-el-title\">Creative Technologist<\/h3>            <\/div>\n                        <div class=\"sv-service-space-wrap\">\n                <div class=\"sv-service-text\">\n                    <p class=\"tp-el-description\">Write modern, perform ant, maintainable code for a diverse array of client and internal projects<\/p>\n                <\/div>\n            <\/div>\n                    <\/div>\n    <\/div>\n\n\n\t\t\t\t<\/div>\n\t\t\t\t<\/div>\n\t\t\t\t<\/div>\n\t\t\t\t\t<\/div>\n\t\t\t\t<\/div>\n\t\t\t\t\t<\/div>\n\t\t\t\t<\/div>\n\t\t\t\t<\/div>\n\t\t","protected":false},"excerpt":{"rendered":"<p>Line Ahead to agencja PPC, kt\u00f3ra wie, jak dzia\u0142aj\u0105 systemy reklamowe od \u015brodka. Zanim zacz\u0119li\u015bmy zarz\u0105dza\u0107 kampaniami klient\u00f3w, wdra\u017cali\u015bmy nowe technologie reklamowe Google jako oficjalny partner Google. Wiemy, jak platforma dzia\u0142a \u2014 nie z tutoriali, ale z pierwszej r\u0119ki. CO ROBIMY Google Ads Meta Ads Strategia Kampanii Analityka i Tracking E-commerce Generowanie Lead\u00f3w Doradztwo DLACZEGO [&hellip;]<\/p>\n","protected":false},"author":1,"featured_media":0,"parent":0,"menu_order":0,"comment_status":"closed","ping_status":"closed","template":"elementor_header_footer","meta":{"footnotes":""},"class_list":["post-13054","page","type-page","status-publish","hentry"],"yoast_head":"<!-- This site is optimized with the Yoast SEO plugin v25.8 - https:\/\/yoast.com\/wordpress\/plugins\/seo\/ -->\n<title>o nas - Line Ahead<\/title>\n<meta name=\"robots\" content=\"index, follow, max-snippet:-1, max-image-preview:large, max-video-preview:-1\" \/>\n<link rel=\"canonical\" href=\"https:\/\/lineahead.pl\/index.php\/o-nas\/\" \/>\n<meta property=\"og:locale\" content=\"pl_PL\" \/>\n<meta property=\"og:type\" content=\"article\" \/>\n<meta property=\"og:title\" content=\"o nas - Line Ahead\" \/>\n<meta property=\"og:description\" content=\"Line Ahead to agencja PPC, kt\u00f3ra wie, jak dzia\u0142aj\u0105 systemy reklamowe od \u015brodka. Zanim zacz\u0119li\u015bmy zarz\u0105dza\u0107 kampaniami klient\u00f3w, wdra\u017cali\u015bmy nowe technologie reklamowe Google jako oficjalny partner Google. Wiemy, jak platforma dzia\u0142a \u2014 nie z tutoriali, ale z pierwszej r\u0119ki. CO ROBIMY Google Ads Meta Ads Strategia Kampanii Analityka i Tracking E-commerce Generowanie Lead\u00f3w Doradztwo DLACZEGO [&hellip;]\" \/>\n<meta property=\"og:url\" content=\"https:\/\/lineahead.pl\/index.php\/o-nas\/\" \/>\n<meta property=\"og:site_name\" content=\"Line Ahead\" \/>\n<meta property=\"article:modified_time\" content=\"2026-03-29T11:55:36+00:00\" \/>\n<meta property=\"og:image\" content=\"http:\/\/liko.foxthemes.me\/wp-content\/uploads\/2024\/06\/shape-1.png\" \/>\n<meta name=\"twitter:card\" content=\"summary_large_image\" \/>\n<meta name=\"twitter:label1\" content=\"Szacowany czas czytania\" \/>\n\t<meta name=\"twitter:data1\" content=\"1 minuta\" \/>\n<script type=\"application\/ld+json\" class=\"yoast-schema-graph\">{\"@context\":\"https:\/\/schema.org\",\"@graph\":[{\"@type\":\"WebPage\",\"@id\":\"https:\/\/lineahead.pl\/index.php\/o-nas\/\",\"url\":\"https:\/\/lineahead.pl\/index.php\/o-nas\/\",\"name\":\"o nas - Line Ahead\",\"isPartOf\":{\"@id\":\"https:\/\/lineahead.pl\/#website\"},\"primaryImageOfPage\":{\"@id\":\"https:\/\/lineahead.pl\/index.php\/o-nas\/#primaryimage\"},\"image\":{\"@id\":\"https:\/\/lineahead.pl\/index.php\/o-nas\/#primaryimage\"},\"thumbnailUrl\":\"http:\/\/liko.foxthemes.me\/wp-content\/uploads\/2024\/06\/shape-1.png\",\"datePublished\":\"2024-07-07T11:00:30+00:00\",\"dateModified\":\"2026-03-29T11:55:36+00:00\",\"breadcrumb\":{\"@id\":\"https:\/\/lineahead.pl\/index.php\/o-nas\/#breadcrumb\"},\"inLanguage\":\"pl-PL\",\"potentialAction\":[{\"@type\":\"ReadAction\",\"target\":[\"https:\/\/lineahead.pl\/index.php\/o-nas\/\"]}]},{\"@type\":\"ImageObject\",\"inLanguage\":\"pl-PL\",\"@id\":\"https:\/\/lineahead.pl\/index.php\/o-nas\/#primaryimage\",\"url\":\"http:\/\/liko.foxthemes.me\/wp-content\/uploads\/2024\/06\/shape-1.png\",\"contentUrl\":\"http:\/\/liko.foxthemes.me\/wp-content\/uploads\/2024\/06\/shape-1.png\"},{\"@type\":\"BreadcrumbList\",\"@id\":\"https:\/\/lineahead.pl\/index.php\/o-nas\/#breadcrumb\",\"itemListElement\":[{\"@type\":\"ListItem\",\"position\":1,\"name\":\"Strona g\u0142\u00f3wna\",\"item\":\"https:\/\/lineahead.pl\/\"},{\"@type\":\"ListItem\",\"position\":2,\"name\":\"o nas\"}]},{\"@type\":\"WebSite\",\"@id\":\"https:\/\/lineahead.pl\/#website\",\"url\":\"https:\/\/lineahead.pl\/\",\"name\":\"Line Ahead\",\"description\":\"\",\"publisher\":{\"@id\":\"https:\/\/lineahead.pl\/#organization\"},\"potentialAction\":[{\"@type\":\"SearchAction\",\"target\":{\"@type\":\"EntryPoint\",\"urlTemplate\":\"https:\/\/lineahead.pl\/?s={search_term_string}\"},\"query-input\":{\"@type\":\"PropertyValueSpecification\",\"valueRequired\":true,\"valueName\":\"search_term_string\"}}],\"inLanguage\":\"pl-PL\"},{\"@type\":\"Organization\",\"@id\":\"https:\/\/lineahead.pl\/#organization\",\"name\":\"Line Ahead\",\"url\":\"https:\/\/lineahead.pl\/\",\"logo\":{\"@type\":\"ImageObject\",\"inLanguage\":\"pl-PL\",\"@id\":\"https:\/\/lineahead.pl\/#\/schema\/logo\/image\/\",\"url\":\"https:\/\/lineahead.pl\/wp-content\/uploads\/2026\/03\/cropped-cropped-cropped-02-white-black-scaled-1.png\",\"contentUrl\":\"https:\/\/lineahead.pl\/wp-content\/uploads\/2026\/03\/cropped-cropped-cropped-02-white-black-scaled-1.png\",\"width\":2560,\"height\":2560,\"caption\":\"Line Ahead\"},\"image\":{\"@id\":\"https:\/\/lineahead.pl\/#\/schema\/logo\/image\/\"}}]}<\/script>\n<!-- \/ Yoast SEO plugin. -->","yoast_head_json":{"title":"o nas - Line Ahead","robots":{"index":"index","follow":"follow","max-snippet":"max-snippet:-1","max-image-preview":"max-image-preview:large","max-video-preview":"max-video-preview:-1"},"canonical":"https:\/\/lineahead.pl\/index.php\/o-nas\/","og_locale":"pl_PL","og_type":"article","og_title":"o nas - Line Ahead","og_description":"Line Ahead to agencja PPC, kt\u00f3ra wie, jak dzia\u0142aj\u0105 systemy reklamowe od \u015brodka. Zanim zacz\u0119li\u015bmy zarz\u0105dza\u0107 kampaniami klient\u00f3w, wdra\u017cali\u015bmy nowe technologie reklamowe Google jako oficjalny partner Google. Wiemy, jak platforma dzia\u0142a \u2014 nie z tutoriali, ale z pierwszej r\u0119ki. CO ROBIMY Google Ads Meta Ads Strategia Kampanii Analityka i Tracking E-commerce Generowanie Lead\u00f3w Doradztwo DLACZEGO [&hellip;]","og_url":"https:\/\/lineahead.pl\/index.php\/o-nas\/","og_site_name":"Line Ahead","article_modified_time":"2026-03-29T11:55:36+00:00","og_image":[{"url":"http:\/\/liko.foxthemes.me\/wp-content\/uploads\/2024\/06\/shape-1.png","type":"","width":"","height":""}],"twitter_card":"summary_large_image","twitter_misc":{"Szacowany czas czytania":"1 minuta"},"schema":{"@context":"https:\/\/schema.org","@graph":[{"@type":"WebPage","@id":"https:\/\/lineahead.pl\/index.php\/o-nas\/","url":"https:\/\/lineahead.pl\/index.php\/o-nas\/","name":"o nas - Line Ahead","isPartOf":{"@id":"https:\/\/lineahead.pl\/#website"},"primaryImageOfPage":{"@id":"https:\/\/lineahead.pl\/index.php\/o-nas\/#primaryimage"},"image":{"@id":"https:\/\/lineahead.pl\/index.php\/o-nas\/#primaryimage"},"thumbnailUrl":"http:\/\/liko.foxthemes.me\/wp-content\/uploads\/2024\/06\/shape-1.png","datePublished":"2024-07-07T11:00:30+00:00","dateModified":"2026-03-29T11:55:36+00:00","breadcrumb":{"@id":"https:\/\/lineahead.pl\/index.php\/o-nas\/#breadcrumb"},"inLanguage":"pl-PL","potentialAction":[{"@type":"ReadAction","target":["https:\/\/lineahead.pl\/index.php\/o-nas\/"]}]},{"@type":"ImageObject","inLanguage":"pl-PL","@id":"https:\/\/lineahead.pl\/index.php\/o-nas\/#primaryimage","url":"http:\/\/liko.foxthemes.me\/wp-content\/uploads\/2024\/06\/shape-1.png","contentUrl":"http:\/\/liko.foxthemes.me\/wp-content\/uploads\/2024\/06\/shape-1.png"},{"@type":"BreadcrumbList","@id":"https:\/\/lineahead.pl\/index.php\/o-nas\/#breadcrumb","itemListElement":[{"@type":"ListItem","position":1,"name":"Strona g\u0142\u00f3wna","item":"https:\/\/lineahead.pl\/"},{"@type":"ListItem","position":2,"name":"o nas"}]},{"@type":"WebSite","@id":"https:\/\/lineahead.pl\/#website","url":"https:\/\/lineahead.pl\/","name":"Line Ahead","description":"","publisher":{"@id":"https:\/\/lineahead.pl\/#organization"},"potentialAction":[{"@type":"SearchAction","target":{"@type":"EntryPoint","urlTemplate":"https:\/\/lineahead.pl\/?s={search_term_string}"},"query-input":{"@type":"PropertyValueSpecification","valueRequired":true,"valueName":"search_term_string"}}],"inLanguage":"pl-PL"},{"@type":"Organization","@id":"https:\/\/lineahead.pl\/#organization","name":"Line Ahead","url":"https:\/\/lineahead.pl\/","logo":{"@type":"ImageObject","inLanguage":"pl-PL","@id":"https:\/\/lineahead.pl\/#\/schema\/logo\/image\/","url":"https:\/\/lineahead.pl\/wp-content\/uploads\/2026\/03\/cropped-cropped-cropped-02-white-black-scaled-1.png","contentUrl":"https:\/\/lineahead.pl\/wp-content\/uploads\/2026\/03\/cropped-cropped-cropped-02-white-black-scaled-1.png","width":2560,"height":2560,"caption":"Line Ahead"},"image":{"@id":"https:\/\/lineahead.pl\/#\/schema\/logo\/image\/"}}]}},"_links":{"self":[{"href":"https:\/\/lineahead.pl\/index.php\/wp-json\/wp\/v2\/pages\/13054","targetHints":{"allow":["GET"]}}],"collection":[{"href":"https:\/\/lineahead.pl\/index.php\/wp-json\/wp\/v2\/pages"}],"about":[{"href":"https:\/\/lineahead.pl\/index.php\/wp-json\/wp\/v2\/types\/page"}],"author":[{"embeddable":true,"href":"https:\/\/lineahead.pl\/index.php\/wp-json\/wp\/v2\/users\/1"}],"replies":[{"embeddable":true,"href":"https:\/\/lineahead.pl\/index.php\/wp-json\/wp\/v2\/comments?post=13054"}],"version-history":[{"count":43,"href":"https:\/\/lineahead.pl\/index.php\/wp-json\/wp\/v2\/pages\/13054\/revisions"}],"predecessor-version":[{"id":16189,"href":"https:\/\/lineahead.pl\/index.php\/wp-json\/wp\/v2\/pages\/13054\/revisions\/16189"}],"wp:attachment":[{"href":"https:\/\/lineahead.pl\/index.php\/wp-json\/wp\/v2\/media?parent=13054"}],"curies":[{"name":"wp","href":"https:\/\/api.w.org\/{rel}","templated":true}]}}